{"id":2,"date":"2025-12-04T20:40:11","date_gmt":"2025-12-04T19:40:11","guid":{"rendered":"http:\/\/legalpitstop.pl\/?page_id=2"},"modified":"2026-03-26T14:27:26","modified_gmt":"2026-03-26T13:27:26","slug":"przykladowa-strona","status":"publish","type":"page","link":"https:\/\/legalpitstop.pl\/?page_id=2","title":{"rendered":"o mnie"},"content":{"rendered":"\n<figure class=\"wp-block-image size-large\"><img loading=\"lazy\" decoding=\"async\" width=\"1024\" height=\"576\" src=\"http:\/\/legalpitstop.pl\/wp-content\/uploads\/2026\/03\/Kopia-\u2013-Kopia-\u2013-Kopia-\u2013-updated-BNL-presentation-1024x576.jpg\" alt=\"\" class=\"wp-image-11\" srcset=\"https:\/\/legalpitstop.pl\/wp-content\/uploads\/2026\/03\/Kopia-\u2013-Kopia-\u2013-Kopia-\u2013-updated-BNL-presentation-1024x576.jpg 1024w, https:\/\/legalpitstop.pl\/wp-content\/uploads\/2026\/03\/Kopia-\u2013-Kopia-\u2013-Kopia-\u2013-updated-BNL-presentation-300x169.jpg 300w, https:\/\/legalpitstop.pl\/wp-content\/uploads\/2026\/03\/Kopia-\u2013-Kopia-\u2013-Kopia-\u2013-updated-BNL-presentation-768x432.jpg 768w, https:\/\/legalpitstop.pl\/wp-content\/uploads\/2026\/03\/Kopia-\u2013-Kopia-\u2013-Kopia-\u2013-updated-BNL-presentation-1536x864.jpg 1536w, https:\/\/legalpitstop.pl\/wp-content\/uploads\/2026\/03\/Kopia-\u2013-Kopia-\u2013-Kopia-\u2013-updated-BNL-presentation.jpg 1920w\" sizes=\"auto, (max-width: 1024px) 100vw, 1024px\" \/><\/figure>\n\n\n\n<p>Hej Superstar!<\/p>\n\n\n<div class=\"wp-block-image\">\n<figure class=\"alignleft size-large is-resized\"><img loading=\"lazy\" decoding=\"async\" width=\"1024\" height=\"1024\" src=\"https:\/\/legalpitstop.pl\/wp-content\/uploads\/2026\/03\/Projekt-bez-nazwy-3-1024x1024.jpg\" alt=\"\" class=\"wp-image-12\" style=\"width:210px;height:auto\" srcset=\"https:\/\/legalpitstop.pl\/wp-content\/uploads\/2026\/03\/Projekt-bez-nazwy-3-1024x1024.jpg 1024w, https:\/\/legalpitstop.pl\/wp-content\/uploads\/2026\/03\/Projekt-bez-nazwy-3-300x300.jpg 300w, https:\/\/legalpitstop.pl\/wp-content\/uploads\/2026\/03\/Projekt-bez-nazwy-3-150x150.jpg 150w, https:\/\/legalpitstop.pl\/wp-content\/uploads\/2026\/03\/Projekt-bez-nazwy-3-768x768.jpg 768w, https:\/\/legalpitstop.pl\/wp-content\/uploads\/2026\/03\/Projekt-bez-nazwy-3-1536x1536.jpg 1536w, https:\/\/legalpitstop.pl\/wp-content\/uploads\/2026\/03\/Projekt-bez-nazwy-3.jpg 2000w\" sizes=\"auto, (max-width: 1024px) 100vw, 1024px\" \/><\/figure>\n<\/div>\n\n\n<p>Szalenie si\u0119 ciesz\u0119, \u017ce Ci\u0119 tu widz\u0119! <\/p>\n\n\n\n<p>Mam na imi\u0119\u00a0Ania, jestem prawniczk\u0105 i fascynatk\u0105 marketingu w online. Ucz\u0119 Ekspertki jak budowa\u0107 ich Internetowe legalnie i z lekko\u015bci\u0105.\u00a0<\/p>\n\n\n\n<p>Wspieram prawnie kreatywne kobiety w ich biznesie i \u017cyciu. Pomagam rozszyfrowa\u0107 paragrafy lekkostrawnie i szalenie skutecznie.<\/p>\n\n\n\n<p>Paso a paso \u2013 krok po kroku. Z wdzi\u0119kiem i spokojem.&nbsp;<\/p>\n\n\n\n<p>Szlify w pracy prawnika zdobywa\u0142am w tr\u00f3jmiejskich kancelariach, podczas prowadzenia w\u0142asnej kancelarii oraz dzi\u0119ki pracy w globalnych korporacjach.&nbsp;<\/p>\n\n\n\n<p>Kilka lat zaj\u0119\u0142o mi zrozumienie, \u017ce to czego szukam \u2013 wolno\u015b\u0107, niezale\u017cno\u015b\u0107 i praca na w\u0142asnych zasadach drzemie we w\u0142asnej marce i biznesie online.&nbsp;<\/p>\n\n\n\n<p>Tworz\u0105c szablony i pakiety niezb\u0119dnych dokument\u00f3w, szkolenia i masterclass chc\u0119 u\u0142atwi\u0107 innym kobietom start w biznesie online \u2013 legalnie i profesjonalnie.&nbsp;<\/p>\n\n\n\n<p><strong>Bo prawa da si\u0119 nauczy\u0107 \u2013 ale Ty nie musisz tego robi\u0107. Od paragraf\u00f3w masz mnie!&nbsp;<\/strong><\/p>\n\n\n\n<p>Je\u015bli chcesz zobaczy\u0107 inne moje projekty, to wskakuj na:<\/p>\n\n\n\n<p><a href=\"https:\/\/biznesnalegalu.pl\" data-type=\"link\" data-id=\"https:\/\/biznesnalegalu.pl\">biznesnalegalu.pl <\/a>| <a href=\"https:\/\/dokumentydla.pl\" data-type=\"link\" data-id=\"https:\/\/dokumentydla.pl\">dokumnetydla.pl <\/a>| <a href=\"https:\/\/madewithlaw.pl\" data-type=\"link\" data-id=\"https:\/\/madewithlaw.pl\">madewithlaw.pl<\/a> | <a href=\"https:\/\/lawstories.pl\" data-type=\"link\" data-id=\"https:\/\/lawstories.pl\">lawstories.pl<\/a><\/p>\n\n\n\n<p><\/p>\n","protected":false},"excerpt":{"rendered":"<p>Hej Superstar! Szalenie si\u0119 ciesz\u0119, \u017ce Ci\u0119 tu widz\u0119! Mam na imi\u0119\u00a0Ania, jestem prawniczk\u0105 i fascynatk\u0105 marketingu w online. Ucz\u0119 Ekspertki jak budowa\u0107 ich Internetowe legalnie i z lekko\u015bci\u0105.\u00a0 Wspieram prawnie kreatywne kobiety w ich biznesie i \u017cyciu. Pomagam rozszyfrowa\u0107 paragrafy lekkostrawnie i szalenie skutecznie. Paso a paso \u2013 krok po kroku. Z wdzi\u0119kiem i [&hellip;]<\/p>\n","protected":false},"author":1,"featured_media":0,"parent":0,"menu_order":0,"comment_status":"closed","ping_status":"open","template":"","meta":{"footnotes":""},"class_list":["post-2","page","type-page","status-publish","hentry"],"_links":{"self":[{"href":"https:\/\/legalpitstop.pl\/index.php?rest_route=\/wp\/v2\/pages\/2","targetHints":{"allow":["GET"]}}],"collection":[{"href":"https:\/\/legalpitstop.pl\/index.php?rest_route=\/wp\/v2\/pages"}],"about":[{"href":"https:\/\/legalpitstop.pl\/index.php?rest_route=\/wp\/v2\/types\/page"}],"author":[{"embeddable":true,"href":"https:\/\/legalpitstop.pl\/index.php?rest_route=\/wp\/v2\/users\/1"}],"replies":[{"embeddable":true,"href":"https:\/\/legalpitstop.pl\/index.php?rest_route=%2Fwp%2Fv2%2Fcomments&post=2"}],"version-history":[{"count":1,"href":"https:\/\/legalpitstop.pl\/index.php?rest_route=\/wp\/v2\/pages\/2\/revisions"}],"predecessor-version":[{"id":13,"href":"https:\/\/legalpitstop.pl\/index.php?rest_route=\/wp\/v2\/pages\/2\/revisions\/13"}],"wp:attachment":[{"href":"https:\/\/legalpitstop.pl\/index.php?rest_route=%2Fwp%2Fv2%2Fmedia&parent=2"}],"curies":[{"name":"wp","href":"https:\/\/api.w.org\/{rel}","templated":true}]}}